{"id":6237,"date":"2018-09-10T01:57:32","date_gmt":"2018-09-10T01:57:32","guid":{"rendered":"https:\/\/demo2wpopal.b-cdn.net\/striz\/?page_id=9"},"modified":"2018-09-10T01:57:32","modified_gmt":"2018-09-10T01:57:32","slug":"my-account-2","status":"publish","type":"page","link":"https:\/\/mylibra.si\/?page_id=6237","title":{"rendered":"My account"},"content":{"rendered":"<div class=\"woocommerce\">\n<div class=\"woocommerce-notices-wrapper\"><\/div>\n\n<div class=\"u-columns col2-set\" id=\"customer_login\">\n\n    <div class=\"u-column1 col-lg-5\">\n\n        \n\n        <form class=\"woocommerce-form woocommerce-form-login login\" method=\"post\">\n\n                        <div class=\"woocommerce-form-login-wrap\">\n                <h2>Login<\/h2>\n                <p class=\"woocommerce-form-row woocommerce-form-row--wide form-row form-row-wide\">\n                    <label for=\"username\">Username or email address&nbsp;<span\n                                class=\"required\">*<\/span><\/label>\n                    <input type=\"text\" class=\"woocommerce-Input woocommerce-Input--text input-text\" name=\"username\"\n                           id=\"username\" autocomplete=\"username\"\n                           value=\"\"\/>                <\/p>\n                <p class=\"woocommerce-form-row woocommerce-form-row--wide form-row form-row-wide\">\n                    <label for=\"password\">Password&nbsp;<span\n                                class=\"required\">*<\/span><\/label>\n                    <input class=\"woocommerce-Input woocommerce-Input--text input-text\" type=\"password\" name=\"password\"\n                           id=\"password\" autocomplete=\"current-password\"\/>\n                <\/p>\n\n                \n\n                <input type=\"hidden\" id=\"woocommerce-login-nonce\" name=\"woocommerce-login-nonce\" value=\"a6270ef8c7\" \/><input type=\"hidden\" name=\"_wp_http_referer\" value=\"\/index.php?rest_route=%2Fwp%2Fv2%2Fpages%2F6237\" \/>                <button type=\"submit\" class=\"woocommerce-Button button\" name=\"login\"\n                        value=\"Log in\">Log in<\/button>\n            <\/div>\n\n            <label class=\"woocommerce-form__label woocommerce-form__label-for-checkbox inline\">\n                <input class=\"woocommerce-form__input woocommerce-form__input-checkbox\" name=\"rememberme\"\n                       type=\"checkbox\" id=\"rememberme\" value=\"forever\"\/>\n                <span>Remember me<\/span>\n            <\/label>\n\n            <p class=\"woocommerce-LostPassword lost_password pull-right\">\n                <a href=\"https:\/\/mylibra.si\/?page_id=9&#038;lost-password\">Lost your password?<\/a>\n            <\/p>\n\n            \n        <\/form>\n\n        \n    <\/div>\n\n    <div class=\"u-column2 col-lg-4 offset-lg-1\">\n\n        <form method=\"post\" class=\"woocommerce-form woocommerce-form-register register\">\n            <div class=\"woocommerce-form-register-wrap\">\n                <h2>Register<\/h2>\n                <div class=\"user-text\">Creating an account is quick and easy, and will allow you to move through our checkout quicker.<\/div>                \n                <p class=\"woocommerce-form-row woocommerce-form-row--wide form-row form-row-wide\">\n                    <label for=\"reg_email\">Email address&nbsp;<span\n                                class=\"required\">*<\/span><\/label>\n                    <input type=\"email\" class=\"woocommerce-Input woocommerce-Input--text input-text\" name=\"email\"\n                           id=\"reg_email\" autocomplete=\"email\"\n                           value=\"\"\/>                <\/p>\n\n                \n                    <p class=\"woocommerce-form-row woocommerce-form-row--wide form-row form-row-wide\">\n                        <label for=\"reg_password\">Password&nbsp;<span\n                                    class=\"required\">*<\/span><\/label>\n                        <input type=\"password\" class=\"woocommerce-Input woocommerce-Input--text input-text\"\n                               name=\"password\"\n                               id=\"reg_password\" autocomplete=\"new-password\"\/>\n                    <\/p>\n\n                \n                <div class=\"woocommerce-privacy-policy-text\"><p>Va\u0161i osebni podatki bodo uporabljeni za podporo va\u0161im izku\u0161njam na celotnem spletnem mestu, za upravljanje dostopa do va\u0161ega ra\u010duna in za druge namene, opisane v na\u0161i politiki zasebnosti.<\/p>\n<\/div>\n                <p class=\"woocommerce-FormRow form-row\">\n                    <input type=\"hidden\" id=\"woocommerce-register-nonce\" name=\"woocommerce-register-nonce\" value=\"ccde06dbc5\" \/><input type=\"hidden\" name=\"_wp_http_referer\" value=\"\/index.php?rest_route=%2Fwp%2Fv2%2Fpages%2F6237\" \/>                    <button type=\"submit\" class=\"woocommerce-Button button\" name=\"register\"\n                            value=\"Register\">Register<\/button>\n                <\/p>\n\n                            <\/div>\n        <\/form>\n\n    <\/div>\n\n<\/div>\n\n<\/div>\n","protected":false},"excerpt":{"rendered":"","protected":false},"author":1,"featured_media":0,"parent":0,"menu_order":0,"comment_status":"closed","ping_status":"closed","template":"page-content-box.php","meta":[],"_links":{"self":[{"href":"https:\/\/mylibra.si\/index.php?rest_route=\/wp\/v2\/pages\/6237"}],"collection":[{"href":"https:\/\/mylibra.si\/index.php?rest_route=\/wp\/v2\/pages"}],"about":[{"href":"https:\/\/mylibra.si\/index.php?rest_route=\/wp\/v2\/types\/page"}],"author":[{"embeddable":true,"href":"https:\/\/mylibra.si\/index.php?rest_route=\/wp\/v2\/users\/1"}],"replies":[{"embeddable":true,"href":"https:\/\/mylibra.si\/index.php?rest_route=%2Fwp%2Fv2%2Fcomments&post=6237"}],"version-history":[{"count":0,"href":"https:\/\/mylibra.si\/index.php?rest_route=\/wp\/v2\/pages\/6237\/revisions"}],"wp:attachment":[{"href":"https:\/\/mylibra.si\/index.php?rest_route=%2Fwp%2Fv2%2Fmedia&parent=6237"}],"curies":[{"name":"wp","href":"https:\/\/api.w.org\/{rel}","templated":true}]}}