{"id":6238,"date":"2018-09-10T02:24:42","date_gmt":"2018-09-10T02:24:42","guid":{"rendered":"https:\/\/demo2wpopal.b-cdn.net\/striz\/?page_id=12"},"modified":"2021-07-04T17:57:10","modified_gmt":"2021-07-04T16:57:10","slug":"faq","status":"publish","type":"page","link":"https:\/\/mylibra.si\/?page_id=6238","title":{"rendered":"Najpogostej\u0161a vpra\u0161anja"},"content":{"rendered":"<figure><\/figure>\n<h3>najpogostej\u0161a vpra\u0161anja<\/h3>\n<p>Kdaj bo naro\u010dilo prispelo?<\/p>\n<p>Paket boste prejeli v roku 1-5 delovnih dni, \u010de je naro\u010deni artikel na zalogi. \u010ce artikla ni na zalogi in je med naro\u010dilom po\u0161el, vas bomo o tem obvestili.<\/p>\n<p>Kak\u0161ni so stro\u0161ki dostave?<\/p>\n<p>Vse na\u0161e izdelke po Sloveniji po\u0161iljamo brezpla\u010dno. V kolikor izberete pla\u010dilo po povzetju, vam dodatno zara\u010dunamo 1,8\u20ac provizije.<\/p>\n<p>Kak\u0161ne so mo\u017enosti pla\u010dila?<\/p>\n<p>Pri nas lahko pla\u010date s kreditno kartico, po predra\u010dunu ali po povzetju, kjer je dodatni stro\u0161ek provizija 1,8\u20ac.<\/p>\n<p>Kdo dostavlja va\u0161e pakete?<\/p>\n<p>Za dostavo na\u0161ih paketov skrbi Po\u0161ta Slovenije.<\/p>\n<p>Kaj v primeru, \u010de mi izdelek ne odgovarja?<\/p>\n<p>V kolikor vam izdelek ne odgovarja, ga lahko brez problema v roku 15 dni od prejema, nepo\u0161kodovanega in v originalni embala\u017ei po\u0161ljete nazaj in povrnili vam bomo kupnino. Imate tudi mo\u017enost izbire drugega izdelka.<\/p>\n<p>So izdelki primerni za su\u0161ilni stroj?<\/p>\n<p>Izdelki \u017eal niso primerni za su\u0161ilni stroj, vendar to ne predstavlja problema, saj se brisa\u010de izredno hitro su\u0161ijo.<\/p>\n<h2>Imate vpra\u0161anje pa ga ne najdete med zgornjimi vpra\u0161anji?<\/h2>\n<p>pokli\u010dite nas od PON-PET med 18. in 20. uro ali preprosto po\u0161ljite vpra\u0161anje<br \/>\n<a href=\"#\"><br \/>\nvpra\u0161ajte <\/a><\/p>\n","protected":false},"excerpt":{"rendered":"<p>najpogostej\u0161a vpra\u0161anja Kdaj bo naro\u010dilo prispelo? Paket boste prejeli v roku 1-5 delovnih dni, \u010de je naro\u010deni artikel na zalogi. \u010ce artikla ni na zalogi in je med naro\u010dilom po\u0161el, vas bomo o tem obvestili. Kak\u0161ni so stro\u0161ki dostave? Vse na\u0161e izdelke po Sloveniji po\u0161iljamo brezpla\u010dno. V kolikor izberete pla\u010dilo po povzetju, vam dodatno zara\u010dunamo &hellip; <\/p>\n<p class=\"link-more\"><a href=\"https:\/\/mylibra.si\/?page_id=6238\" class=\"more-link\">Read More <span class=\"screen-reader-text\"> &#8220;Najpogostej\u0161a vpra\u0161anja&#8221;<\/span><\/a><\/p>\n","protected":false},"author":1,"featured_media":0,"parent":0,"menu_order":0,"comment_status":"closed","ping_status":"closed","template":"page-elementor.php","meta":[],"_links":{"self":[{"href":"https:\/\/mylibra.si\/index.php?rest_route=\/wp\/v2\/pages\/6238"}],"collection":[{"href":"https:\/\/mylibra.si\/index.php?rest_route=\/wp\/v2\/pages"}],"about":[{"href":"https:\/\/mylibra.si\/index.php?rest_route=\/wp\/v2\/types\/page"}],"author":[{"embeddable":true,"href":"https:\/\/mylibra.si\/index.php?rest_route=\/wp\/v2\/users\/1"}],"replies":[{"embeddable":true,"href":"https:\/\/mylibra.si\/index.php?rest_route=%2Fwp%2Fv2%2Fcomments&post=6238"}],"version-history":[{"count":36,"href":"https:\/\/mylibra.si\/index.php?rest_route=\/wp\/v2\/pages\/6238\/revisions"}],"predecessor-version":[{"id":7113,"href":"https:\/\/mylibra.si\/index.php?rest_route=\/wp\/v2\/pages\/6238\/revisions\/7113"}],"wp:attachment":[{"href":"https:\/\/mylibra.si\/index.php?rest_route=%2Fwp%2Fv2%2Fmedia&parent=6238"}],"curies":[{"name":"wp","href":"https:\/\/api.w.org\/{rel}","templated":true}]}}