{"id":1163,"date":"2018-10-16T03:57:47","date_gmt":"2018-10-16T02:57:47","guid":{"rendered":"https:\/\/demo2wpopal.b-cdn.net\/striz\/product\/sled-mini-sideboard\/"},"modified":"2023-11-19T16:13:17","modified_gmt":"2023-11-19T15:13:17","slug":"collar-wool-jacket-2","status":"publish","type":"product","link":"https:\/\/mylibra.si\/?product=collar-wool-jacket-2","title":{"rendered":"Brisa\u010da iz mikrovlaken Watermelon, 160 x 80 cm"},"content":{"rendered":"<p><em><strong>Imate prostorsko stisko? Imate problem pri pakiranju brisa\u010d v kov\u010dek, torbo ali avto?\u00a0<\/strong><\/em><\/p>\n<p><em><strong>Sedaj to ne bo ve\u010d problem.\u00a0<\/strong><\/em><\/p>\n<p>Z na\u0161imi brisa\u010dami boste pridobili ogromno prostora za druge stvari, saj so za 80% tanj\u0161e od klasi\u010dnih brisa\u010d. Kopalne brisa\u010de za na pla\u017eo iz mikrofibre bodo o\u010darale vsakogar. Njihova eleganca bo obra\u010dala prav vsak pogled.<\/p>\n<p>Brisa\u010de so tanke, mehke in vpojne. Primerne so za na pla\u017eo, bazene, izlete, \u010dolne, kampiranje in igro. Zraven brisa\u010de dobite \u0161e etui za njihovo samostojno prena\u0161anje, ki pa je zaradi njihove te\u017ee tudi lahkotno. Ampak to \u0161e ni vse. Njihova vrhunska lastnost je tudi v hitrem in odli\u010dnem su\u0161enju. Kar 4x hitreje se su\u0161i od klasi\u010dnih brisa\u010d. Saj veste, pridete pozno domov iz bazena ali pla\u017ee pa se zaradi prostorske stiske ali vla\u017enosti v zraku, brisa\u010da ne more posu\u0161iti. Sedaj to ne bo ve\u010d problem z na\u0161o brisa\u010do iz mikrovlaken.<\/p>\n<p>Izberite svoj vzorec, ki bo obra\u010dal poglede.<\/p>\n","protected":false},"excerpt":{"rendered":"<p>Brisa\u010da na kateri so lubenice. Kaj pravite? Prava poletna osve\u017eitev na pla\u017ei tudi z brisa\u010do Watermelon.<\/p>\n<p>&nbsp;<\/p>\n<p>&nbsp;<\/p>\n","protected":false},"featured_media":6558,"template":"","meta":[],"_links":{"self":[{"href":"https:\/\/mylibra.si\/index.php?rest_route=\/wp\/v2\/product\/1163"}],"collection":[{"href":"https:\/\/mylibra.si\/index.php?rest_route=\/wp\/v2\/product"}],"about":[{"href":"https:\/\/mylibra.si\/index.php?rest_route=\/wp\/v2\/types\/product"}],"version-history":[{"count":12,"href":"https:\/\/mylibra.si\/index.php?rest_route=\/wp\/v2\/product\/1163\/revisions"}],"predecessor-version":[{"id":7330,"href":"https:\/\/mylibra.si\/index.php?rest_route=\/wp\/v2\/product\/1163\/revisions\/7330"}],"wp:featuredmedia":[{"embeddable":true,"href":"https:\/\/mylibra.si\/index.php?rest_route=\/wp\/v2\/media\/6558"}],"wp:attachment":[{"href":"https:\/\/mylibra.si\/index.php?rest_route=%2Fwp%2Fv2%2Fmedia&parent=1163"}],"curies":[{"name":"wp","href":"https:\/\/api.w.org\/{rel}","templated":true}]}}