{"id":6801,"date":"2021-07-04T15:18:22","date_gmt":"2021-07-04T14:18:22","guid":{"rendered":"http:\/\/mylibra.si\/?post_type=product&#038;p=6801"},"modified":"2025-07-07T17:18:20","modified_gmt":"2025-07-07T16:18:20","slug":"brisaca-iz-mikrovlaken-palm-tree-160-x-80-cm","status":"publish","type":"product","link":"https:\/\/mylibra.si\/?product=brisaca-iz-mikrovlaken-palm-tree-160-x-80-cm","title":{"rendered":"Brisa\u010da iz mikrovlaken Palm tree, 160 x 80 cm"},"content":{"rendered":"<p><em><strong>Imate prostorsko stisko? Imate problem pri pakiranju brisa\u010d v kov\u010dek, torbo ali avto?\u00a0<\/strong><\/em><\/p>\n<p><em><strong>Sedaj to ne bo ve\u010d problem.\u00a0<\/strong><\/em><\/p>\n<p>Z na\u0161imi brisa\u010dami boste pridobili ogromno prostora za druge stvari, saj so za 80% tanj\u0161e od klasi\u010dnih brisa\u010d. Kopalne brisa\u010de za na pla\u017eo iz mikrofibre bodo o\u010darale vsakogar. Njihova eleganca bo obra\u010dala prav vsak pogled.<\/p>\n<p>Brisa\u010da je tanka, mehka in vpojna. Primerne so za na pla\u017eo, bazene, izlete, \u010dolne, kampiranje in igro. Zraven brisa\u010de dobite \u0161e etui za njihovo samostojno prena\u0161anje, ki pa je zaradi njihove te\u017ee tudi lahkotno. Ampak to \u0161e ni vse. Njihova vrhunska lastnost je tudi v hitrem in odli\u010dnem su\u0161enju. Kar 4x hitreje se su\u0161i od klasi\u010dnih brisa\u010d. Saj veste, pridete pozno domov iz bazena ali pla\u017ee pa se zaradi prostorske stiske ali vla\u017enosti v zraku, brisa\u010da ne more posu\u0161iti. Sedaj to ne bo ve\u010d problem z na\u0161o brisa\u010do iz mikrovlaken.<\/p>\n<p>Izberite svoj vzorec, ki bo obra\u010dal poglede.<\/p>\n","protected":false},"excerpt":{"rendered":"[video width=\"960\" height=\"540\" mp4=\"http:\/\/mylibra.si\/wp-content\/uploads\/2018\/10\/prakticnost-brisace.mp4\"][\/video]\n<p>Brisa\u010da za na pla\u017eo Palm tree je atraktivnega vzorca. Spominja na pla\u017eo polno palm. Prava izbira za vas.<\/p>\n","protected":false},"featured_media":6501,"template":"","meta":[],"_links":{"self":[{"href":"https:\/\/mylibra.si\/index.php?rest_route=\/wp\/v2\/product\/6801"}],"collection":[{"href":"https:\/\/mylibra.si\/index.php?rest_route=\/wp\/v2\/product"}],"about":[{"href":"https:\/\/mylibra.si\/index.php?rest_route=\/wp\/v2\/types\/product"}],"version-history":[{"count":16,"href":"https:\/\/mylibra.si\/index.php?rest_route=\/wp\/v2\/product\/6801\/revisions"}],"predecessor-version":[{"id":7326,"href":"https:\/\/mylibra.si\/index.php?rest_route=\/wp\/v2\/product\/6801\/revisions\/7326"}],"wp:featuredmedia":[{"embeddable":true,"href":"https:\/\/mylibra.si\/index.php?rest_route=\/wp\/v2\/media\/6501"}],"wp:attachment":[{"href":"https:\/\/mylibra.si\/index.php?rest_route=%2Fwp%2Fv2%2Fmedia&parent=6801"}],"curies":[{"name":"wp","href":"https:\/\/api.w.org\/{rel}","templated":true}]}}