{"id":7171,"date":"2021-11-01T18:44:09","date_gmt":"2021-11-01T17:44:09","guid":{"rendered":"https:\/\/mylibra.si\/?post_type=product&#038;p=7171"},"modified":"2023-10-15T16:50:16","modified_gmt":"2023-10-15T15:50:16","slug":"torba-za-malico-kosilo-modra","status":"publish","type":"product","link":"https:\/\/mylibra.si\/?product=torba-za-malico-kosilo-modra","title":{"rendered":"Torbica za malico DON&#8217;T FORGET ME &#8211; siva"},"content":{"rendered":"<p style=\"text-align: center;\">Elegantna torbica <strong>DON&#8217;T FORGET ME<\/strong> ima v notranjosti ALU folijo, ki poskrbi za ohranjanje toplih ali hladnih jedi ter pija\u010d. Notranjost torbice se preprosto samo obri\u0161e z vla\u017eno krpo in nato \u0161e s suho krpo. Ni primerna za pranje v pralnem stroju.<\/p>\n<p>Ima elegantno zadrgo in priro\u010dna ro\u010daja. Je tudi prostorna in se prilega vsakemu stilu.<\/p>\n","protected":false},"excerpt":{"rendered":"<p style=\"padding-left: 40px;\">Torbica <strong>DON&#8217;T FORGET ME <\/strong>ima v osnovi funkcijo \u00bblunch bag-a\u00ab. Ponosno in najpogosteje jo boste uporabljali za prena\u0161anje prigrizkov oz. malice ali pija\u010de v slu\u017ebo. Je odli\u010dna sopotnica tudi za izlete, potovanja, piknike ali pa jo preprosto zaradi njene dovr\u0161enosti in elegance uporabljate kot torbico. Po uporabi jo lahko enostavno zlo\u017eite, da vam ne zavzame preve\u010d prostora.<\/p>\n<p>Razveselite vam ljubo osebo z na\u0161o torbico <strong>DON&#8217;T FORGET ME<\/strong>, vesela jo bo ali preprosto izberi svojo in <strong>BODI IN\u2026<\/strong><\/p>\n","protected":false},"featured_media":7193,"template":"","meta":[],"_links":{"self":[{"href":"https:\/\/mylibra.si\/index.php?rest_route=\/wp\/v2\/product\/7171"}],"collection":[{"href":"https:\/\/mylibra.si\/index.php?rest_route=\/wp\/v2\/product"}],"about":[{"href":"https:\/\/mylibra.si\/index.php?rest_route=\/wp\/v2\/types\/product"}],"version-history":[{"count":9,"href":"https:\/\/mylibra.si\/index.php?rest_route=\/wp\/v2\/product\/7171\/revisions"}],"predecessor-version":[{"id":7467,"href":"https:\/\/mylibra.si\/index.php?rest_route=\/wp\/v2\/product\/7171\/revisions\/7467"}],"wp:featuredmedia":[{"embeddable":true,"href":"https:\/\/mylibra.si\/index.php?rest_route=\/wp\/v2\/media\/7193"}],"wp:attachment":[{"href":"https:\/\/mylibra.si\/index.php?rest_route=%2Fwp%2Fv2%2Fmedia&parent=7171"}],"curies":[{"name":"wp","href":"https:\/\/api.w.org\/{rel}","templated":true}]}}