{"id":7303,"date":"2021-11-25T10:25:35","date_gmt":"2021-11-25T09:25:35","guid":{"rendered":"https:\/\/mylibra.si\/?post_type=product&#038;p=7303"},"modified":"2021-11-25T10:49:00","modified_gmt":"2021-11-25T09:49:00","slug":"torbica-za-malico-dont-forget-me-marelicna-kopija","status":"publish","type":"product","link":"https:\/\/mylibra.si\/?product=torbica-za-malico-dont-forget-me-marelicna-kopija","title":{"rendered":"Lesene okrasne police"},"content":{"rendered":"<p>Zaradi rinke je monta\u017ea police preprosta. Ni potrebe po montiranju celotne police v steno. V steno pritrdite vijak po va\u0161i izbiri in nato polico s pomo\u010djo rinke samo obesite nanj. Vi\u0161ino lahko regulirate s pomo\u010djo vrvi, ki jo spodaj samo ustrezno zategnete in nato po \u017eelji odre\u017eete.<\/p>\n<p>Izbirate lahko dekor v barvi lesa ali barvni dekor.<\/p>\n<p>Cena\/kos velja za velikost 400 mm x 180 mm x 18 mm, po dogovoru so mo\u017ene tudi druge velikosti. Pri naro\u010dilu pod opombe napi\u0161ite barvne in dimenzijske \u017eelje. \u010ce izdelka ni na zalogi, je rok dobave malo dalj\u0161i od izdelkov na zalogi. <span style=\"font-size: 1rem;\">Za ve\u010d informacij nam lahko pi\u0161ete na mail info@mylibra.si.<\/span><\/p>\n<p><strong>Ob naro\u010dilu 2 izdelkov vam nudimo \u0161e dodatni 10% popust.<\/strong><\/p>\n","protected":false},"excerpt":{"rendered":"<p>Lesene okrasne police, ki se prilegajo vsakemu pohi\u0161tvenemu stilu. Za doma\u010d in prijeten izgled poleg lesa poskrbita \u0161e vrv in rinka, ki omogo\u010da preprosto namestitev na steno.<\/p>\n<p>Na polico lahko polo\u017eite spominke, slike, cvetlice &#8230; Polica \u017ee sama po sebi deluje dekorativno. Preprosto morate jo imeti.<\/p>\n<p>&nbsp;<\/p>\n","protected":false},"featured_media":7306,"template":"","meta":[],"_links":{"self":[{"href":"https:\/\/mylibra.si\/index.php?rest_route=\/wp\/v2\/product\/7303"}],"collection":[{"href":"https:\/\/mylibra.si\/index.php?rest_route=\/wp\/v2\/product"}],"about":[{"href":"https:\/\/mylibra.si\/index.php?rest_route=\/wp\/v2\/types\/product"}],"version-history":[{"count":4,"href":"https:\/\/mylibra.si\/index.php?rest_route=\/wp\/v2\/product\/7303\/revisions"}],"predecessor-version":[{"id":7312,"href":"https:\/\/mylibra.si\/index.php?rest_route=\/wp\/v2\/product\/7303\/revisions\/7312"}],"wp:featuredmedia":[{"embeddable":true,"href":"https:\/\/mylibra.si\/index.php?rest_route=\/wp\/v2\/media\/7306"}],"wp:attachment":[{"href":"https:\/\/mylibra.si\/index.php?rest_route=%2Fwp%2Fv2%2Fmedia&parent=7303"}],"curies":[{"name":"wp","href":"https:\/\/api.w.org\/{rel}","templated":true}]}}