{"id":7351,"date":"2021-12-11T14:28:46","date_gmt":"2021-12-11T13:28:46","guid":{"rendered":"https:\/\/mylibra.si\/?post_type=product&#038;p=7351"},"modified":"2024-12-15T23:50:00","modified_gmt":"2024-12-15T22:50:00","slug":"novoletna-lesena-smrecica","status":"publish","type":"product","link":"https:\/\/mylibra.si\/?product=novoletna-lesena-smrecica","title":{"rendered":"Novoletna lesena smre\u010dica"},"content":{"rendered":"<p>Vsak krog (premer 70 mm) ima kavelj\u010dek, kamor lahko obesite okrasek. Na sliki so okraski premera 4 cm. Smre\u010dico veliko 840 mm x 700 mm preprosto samo nataknete na podstavek velikosti 290 mm x 290 mm. Ko jo ne potrebujete ve\u010d, jo preprosto samo snamete s podstavka tako, da ne zavzame veliko prostora.<\/p>\n<p><strong>Ob naro\u010dilu katerih koli 2 izdelkov vam nudimo \u0161e dodatni 10% popust.<\/strong><\/p>\n","protected":false},"excerpt":{"rendered":"<p>Novoletna lesena smre\u010dica iz recikliranega lesa vas bo zagotovo navdu\u0161ila. Je prakti\u010dna, saj ne zasede veliko prostora, kljub temu pa jo lahko okrasite po svoji \u017eelji.<\/p>\n","protected":false},"featured_media":7355,"template":"","meta":[],"_links":{"self":[{"href":"https:\/\/mylibra.si\/index.php?rest_route=\/wp\/v2\/product\/7351"}],"collection":[{"href":"https:\/\/mylibra.si\/index.php?rest_route=\/wp\/v2\/product"}],"about":[{"href":"https:\/\/mylibra.si\/index.php?rest_route=\/wp\/v2\/types\/product"}],"version-history":[{"count":1,"href":"https:\/\/mylibra.si\/index.php?rest_route=\/wp\/v2\/product\/7351\/revisions"}],"predecessor-version":[{"id":7358,"href":"https:\/\/mylibra.si\/index.php?rest_route=\/wp\/v2\/product\/7351\/revisions\/7358"}],"wp:featuredmedia":[{"embeddable":true,"href":"https:\/\/mylibra.si\/index.php?rest_route=\/wp\/v2\/media\/7355"}],"wp:attachment":[{"href":"https:\/\/mylibra.si\/index.php?rest_route=%2Fwp%2Fv2%2Fmedia&parent=7351"}],"curies":[{"name":"wp","href":"https:\/\/api.w.org\/{rel}","templated":true}]}}